{"id":154,"date":"2022-07-26T16:00:13","date_gmt":"2022-07-26T14:00:13","guid":{"rendered":"https:\/\/heidrunwirthmetzler.com\/?page_id=154"},"modified":"2022-08-16T11:45:21","modified_gmt":"2022-08-16T09:45:21","slug":"presse","status":"publish","type":"page","link":"https:\/\/heidrunwirthmetzler.com\/en\/presse\/","title":{"rendered":"Presse"},"content":{"rendered":"\n<blockquote class=\"wp-block-quote is-layout-flow wp-block-quote-is-layout-flow\"><p>&#8230;&#8221;Theatralis<em>ch gro\u00dfe Gesten und die in lichte H\u00f6hen gef\u00fchrte Fagottstimme sowie das humorvolle Wetteifern begeisterten.<\/em>&#8220;&#8230;<\/p><cite>Zeitschrift f\u00fcr Kultur und Gesellschaft, 08.01.2022<\/cite><\/blockquote>\n\n\n<div class=\"wp-block-image\">\n<figure class=\"aligncenter size-full is-resized\"><img data-recalc-dims=\"1\" loading=\"lazy\" decoding=\"async\" data-attachment-id=\"116\" data-permalink=\"https:\/\/heidrunwirthmetzler.com\/en\/galerie\/rb8_0512sw1\/\" data-orig-file=\"https:\/\/i0.wp.com\/heidrunwirthmetzler.com\/wp-content\/uploads\/2022\/07\/rb8_0512sw1.jpg?fit=4122%2C6177&amp;ssl=1\" data-orig-size=\"4122,6177\" data-comments-opened=\"1\" data-image-meta=\"{&quot;aperture&quot;:&quot;0&quot;,&quot;credit&quot;:&quot;&quot;,&quot;camera&quot;:&quot;&quot;,&quot;caption&quot;:&quot;&quot;,&quot;created_timestamp&quot;:&quot;1539640921&quot;,&quot;copyright&quot;:&quot;&quot;,&quot;focal_length&quot;:&quot;0&quot;,&quot;iso&quot;:&quot;0&quot;,&quot;shutter_speed&quot;:&quot;0&quot;,&quot;title&quot;:&quot;&quot;,&quot;orientation&quot;:&quot;0&quot;}\" data-image-title=\"rb8_0512sw1\" data-image-description=\"\" data-image-caption=\"\" data-large-file=\"https:\/\/i0.wp.com\/heidrunwirthmetzler.com\/wp-content\/uploads\/2022\/07\/rb8_0512sw1.jpg?fit=525%2C787&amp;ssl=1\" src=\"https:\/\/i0.wp.com\/heidrunwirthmetzler.com\/wp-content\/uploads\/2022\/07\/rb8_0512sw1.jpg?resize=402%2C602&#038;ssl=1\" alt=\"\" class=\"wp-image-116\" width=\"402\" height=\"602\"\/><\/figure>\n<\/div>\n\n\n<blockquote class=\"wp-block-quote is-layout-flow wp-block-quote-is-layout-flow\"><p>&#8230; &#8220;Lebhaft korrespondierte der wunderbare warme Ton des Fagotts mit den Streichern&#8230;. Kaum zu glauben, mit welch langem Atem die Fagottistin immer neue Figuren hervorzauberte. &#8230; Im fr\u00f6hlichen Rondo begeisterte noch einmal das Fagott mit einer scheinbaren Leichtigkeit, als w\u00e4re das schwere Instrument eine bewegliche Fl\u00f6te.&#8221;&#8230;<\/p><cite>Schw\u00e4bische, 20.08.2017<\/cite><\/blockquote>\n\n\n\n<p><\/p>\n\n\n\n<figure class=\"wp-block-image size-full\"><img data-recalc-dims=\"1\" loading=\"lazy\" decoding=\"async\" width=\"525\" height=\"350\" data-attachment-id=\"119\" data-permalink=\"https:\/\/heidrunwirthmetzler.com\/en\/galerie\/rb8_0550\/\" data-orig-file=\"https:\/\/i0.wp.com\/heidrunwirthmetzler.com\/wp-content\/uploads\/2022\/07\/rb8_0550.jpg?fit=6259%2C4177&amp;ssl=1\" data-orig-size=\"6259,4177\" data-comments-opened=\"1\" data-image-meta=\"{&quot;aperture&quot;:&quot;0&quot;,&quot;credit&quot;:&quot;&quot;,&quot;camera&quot;:&quot;&quot;,&quot;caption&quot;:&quot;&quot;,&quot;created_timestamp&quot;:&quot;1539640933&quot;,&quot;copyright&quot;:&quot;&quot;,&quot;focal_length&quot;:&quot;0&quot;,&quot;iso&quot;:&quot;0&quot;,&quot;shutter_speed&quot;:&quot;0&quot;,&quot;title&quot;:&quot;&quot;,&quot;orientation&quot;:&quot;0&quot;}\" data-image-title=\"rb8_0550\" data-image-description=\"\" data-image-caption=\"\" data-large-file=\"https:\/\/i0.wp.com\/heidrunwirthmetzler.com\/wp-content\/uploads\/2022\/07\/rb8_0550.jpg?fit=525%2C350&amp;ssl=1\" src=\"https:\/\/i0.wp.com\/heidrunwirthmetzler.com\/wp-content\/uploads\/2022\/07\/rb8_0550.jpg?resize=525%2C350&#038;ssl=1\" alt=\"\" class=\"wp-image-119\"\/><\/figure>\n\n\n\n<p><\/p>\n\n\n\n<blockquote class=\"wp-block-quote is-layout-flow wp-block-quote-is-layout-flow\"><p>&#8230;&#8221;et le basson riche en fantaisie de Heidrun Wirth-Metzler&#8221;&#8230;<\/p><cite>Le Temps, 06.05.2022<\/cite><\/blockquote>\n\n\n\n<p><\/p>\n\n\n\n<figure class=\"wp-block-image size-large\"><img data-recalc-dims=\"1\" loading=\"lazy\" decoding=\"async\" width=\"525\" height=\"350\" data-attachment-id=\"496\" data-permalink=\"https:\/\/heidrunwirthmetzler.com\/en\/galerie\/rb8_0439-3\/\" data-orig-file=\"https:\/\/i0.wp.com\/heidrunwirthmetzler.com\/wp-content\/uploads\/2022\/08\/RB8_0439-1.jpg?fit=6712%2C4480&amp;ssl=1\" data-orig-size=\"6712,4480\" data-comments-opened=\"0\" data-image-meta=\"{&quot;aperture&quot;:&quot;0&quot;,&quot;credit&quot;:&quot;&quot;,&quot;camera&quot;:&quot;&quot;,&quot;caption&quot;:&quot;&quot;,&quot;created_timestamp&quot;:&quot;0&quot;,&quot;copyright&quot;:&quot;&quot;,&quot;focal_length&quot;:&quot;0&quot;,&quot;iso&quot;:&quot;0&quot;,&quot;shutter_speed&quot;:&quot;0&quot;,&quot;title&quot;:&quot;&quot;,&quot;orientation&quot;:&quot;0&quot;}\" data-image-title=\"RB8_0439\" data-image-description=\"\" data-image-caption=\"\" data-large-file=\"https:\/\/i0.wp.com\/heidrunwirthmetzler.com\/wp-content\/uploads\/2022\/08\/RB8_0439-1.jpg?fit=525%2C350&amp;ssl=1\" src=\"https:\/\/i0.wp.com\/heidrunwirthmetzler.com\/wp-content\/uploads\/2022\/08\/RB8_0439-1.jpg?resize=525%2C350&#038;ssl=1\" alt=\"\" class=\"wp-image-496\" srcset=\"https:\/\/i0.wp.com\/heidrunwirthmetzler.com\/wp-content\/uploads\/2022\/08\/RB8_0439-1.jpg?resize=1024%2C683&amp;ssl=1 1024w, https:\/\/i0.wp.com\/heidrunwirthmetzler.com\/wp-content\/uploads\/2022\/08\/RB8_0439-1.jpg?resize=300%2C200&amp;ssl=1 300w, https:\/\/i0.wp.com\/heidrunwirthmetzler.com\/wp-content\/uploads\/2022\/08\/RB8_0439-1.jpg?resize=768%2C513&amp;ssl=1 768w, https:\/\/i0.wp.com\/heidrunwirthmetzler.com\/wp-content\/uploads\/2022\/08\/RB8_0439-1.jpg?resize=1536%2C1025&amp;ssl=1 1536w, https:\/\/i0.wp.com\/heidrunwirthmetzler.com\/wp-content\/uploads\/2022\/08\/RB8_0439-1.jpg?resize=2048%2C1367&amp;ssl=1 2048w\" sizes=\"auto, (max-width: 706px) 89vw, (max-width: 767px) 82vw, 740px\" \/><\/figure>\n\n\n\n<blockquote class=\"wp-block-quote is-layout-flow wp-block-quote-is-layout-flow\"><p>&#8230;&#8221;Mit der n\u00f6tigen Abgebr\u00fchtheit, gro\u00dfer Ernsthaftigkeit und einer unglaublichen Portion an Spielfreude gehen Alex Ladst\u00e4tter und Heidrun Wirth-Metzler ans Werk, erz\u00e4hlen anschaulich diese Geschichte, lassen die Melodien str\u00f6men und sich mit der Zeit ineinander verschlingen. Das ist kein Spaziergang, wird aber auf bestechendem Niveau, mit tonlicher Delikatesse und virtuoser Selbstverst\u00e4ndlichkeit gel\u00f6st.&#8221;&#8230;<\/p><cite>Vorarlberger Nachrichten, 21.01.2013<\/cite><\/blockquote>\n\n\n\n<p><\/p>\n\n\n<div class=\"wp-block-image\">\n<figure class=\"aligncenter size-large is-resized\"><img data-recalc-dims=\"1\" loading=\"lazy\" decoding=\"async\" data-attachment-id=\"359\" data-permalink=\"https:\/\/heidrunwirthmetzler.com\/en\/2022\/07\/26\/beitrag\/rb8_0524\/\" data-orig-file=\"https:\/\/i0.wp.com\/heidrunwirthmetzler.com\/wp-content\/uploads\/2022\/08\/RB8_0524.jpg?fit=3994%2C5985&amp;ssl=1\" data-orig-size=\"3994,5985\" data-comments-opened=\"0\" data-image-meta=\"{&quot;aperture&quot;:&quot;0&quot;,&quot;credit&quot;:&quot;&quot;,&quot;camera&quot;:&quot;&quot;,&quot;caption&quot;:&quot;&quot;,&quot;created_timestamp&quot;:&quot;1539640906&quot;,&quot;copyright&quot;:&quot;&quot;,&quot;focal_length&quot;:&quot;0&quot;,&quot;iso&quot;:&quot;0&quot;,&quot;shutter_speed&quot;:&quot;0&quot;,&quot;title&quot;:&quot;&quot;,&quot;orientation&quot;:&quot;0&quot;}\" data-image-title=\"RB8_0524\" data-image-description=\"\" data-image-caption=\"\" data-large-file=\"https:\/\/i0.wp.com\/heidrunwirthmetzler.com\/wp-content\/uploads\/2022\/08\/RB8_0524.jpg?fit=525%2C787&amp;ssl=1\" src=\"https:\/\/i0.wp.com\/heidrunwirthmetzler.com\/wp-content\/uploads\/2022\/08\/RB8_0524.jpg?resize=369%2C553&#038;ssl=1\" alt=\"\" class=\"wp-image-359\" width=\"369\" height=\"553\" srcset=\"https:\/\/i0.wp.com\/heidrunwirthmetzler.com\/wp-content\/uploads\/2022\/08\/RB8_0524.jpg?resize=683%2C1024&amp;ssl=1 683w, https:\/\/i0.wp.com\/heidrunwirthmetzler.com\/wp-content\/uploads\/2022\/08\/RB8_0524.jpg?resize=200%2C300&amp;ssl=1 200w, https:\/\/i0.wp.com\/heidrunwirthmetzler.com\/wp-content\/uploads\/2022\/08\/RB8_0524.jpg?resize=768%2C1151&amp;ssl=1 768w, https:\/\/i0.wp.com\/heidrunwirthmetzler.com\/wp-content\/uploads\/2022\/08\/RB8_0524.jpg?resize=1025%2C1536&amp;ssl=1 1025w, https:\/\/i0.wp.com\/heidrunwirthmetzler.com\/wp-content\/uploads\/2022\/08\/RB8_0524.jpg?resize=1367%2C2048&amp;ssl=1 1367w, https:\/\/i0.wp.com\/heidrunwirthmetzler.com\/wp-content\/uploads\/2022\/08\/RB8_0524.jpg?w=1575&amp;ssl=1 1575w\" sizes=\"auto, (max-width: 369px) 100vw, 369px\" \/><\/figure>\n<\/div>\n\n\n<blockquote class=\"wp-block-quote is-layout-flow wp-block-quote-is-layout-flow\"><p>&#8230;&#8221;Der bravour\u00f6se Fagott-Einwurf im Finale stand sinnbildlich f\u00fcr dieses gekonnt sprudelnde Musizieren.&#8221;&#8230;<\/p><cite>Der Bund<\/cite><\/blockquote>\n\n\n\n<p><\/p>\n\n\n<div class=\"wp-block-image\">\n<figure class=\"aligncenter size-full is-resized\"><img data-recalc-dims=\"1\" loading=\"lazy\" decoding=\"async\" data-attachment-id=\"115\" data-permalink=\"https:\/\/heidrunwirthmetzler.com\/en\/galerie\/rb8_0540\/\" data-orig-file=\"https:\/\/i0.wp.com\/heidrunwirthmetzler.com\/wp-content\/uploads\/2022\/07\/rb8_0540.jpg?fit=4181%2C6264&amp;ssl=1\" data-orig-size=\"4181,6264\" data-comments-opened=\"1\" data-image-meta=\"{&quot;aperture&quot;:&quot;0&quot;,&quot;credit&quot;:&quot;&quot;,&quot;camera&quot;:&quot;&quot;,&quot;caption&quot;:&quot;&quot;,&quot;created_timestamp&quot;:&quot;1539640934&quot;,&quot;copyright&quot;:&quot;&quot;,&quot;focal_length&quot;:&quot;0&quot;,&quot;iso&quot;:&quot;0&quot;,&quot;shutter_speed&quot;:&quot;0&quot;,&quot;title&quot;:&quot;&quot;,&quot;orientation&quot;:&quot;0&quot;}\" data-image-title=\"rb8_0540\" data-image-description=\"\" data-image-caption=\"\" data-large-file=\"https:\/\/i0.wp.com\/heidrunwirthmetzler.com\/wp-content\/uploads\/2022\/07\/rb8_0540.jpg?fit=525%2C787&amp;ssl=1\" src=\"https:\/\/i0.wp.com\/heidrunwirthmetzler.com\/wp-content\/uploads\/2022\/07\/rb8_0540.jpg?resize=450%2C673&#038;ssl=1\" alt=\"\" class=\"wp-image-115\" width=\"450\" height=\"673\"\/><\/figure>\n<\/div>\n\n\n<blockquote class=\"wp-block-quote is-layout-flow wp-block-quote-is-layout-flow\"><p>&#8230;&#8221;, in dem die Solofagottistin Heidrun Wirth-Metzler zu ihrem Glanzauftritt kommt. Mit ihrem Solorezitativ bannt sie das Publikum (und erh\u00e4lt am Konzert-ende einen verdienten Sonderapplaus).&#8221;&#8230;<\/p><cite>Berner Zeitung<\/cite><\/blockquote>\n","protected":false},"excerpt":{"rendered":"<p>&#8230;&#8221;Theatralisch gro\u00dfe Gesten und die in lichte H\u00f6hen gef\u00fchrte Fagottstimme sowie das humorvolle Wetteifern begeisterten.&#8220;&#8230; Zeitschrift f\u00fcr Kultur und Gesellschaft, 08.01.2022 &#8230; &#8220;Lebhaft korrespondierte der wunderbare warme Ton des Fagotts mit den Streichern&#8230;. Kaum zu glauben, mit welch langem Atem die Fagottistin immer neue Figuren hervorzauberte. &#8230; Im fr\u00f6hlichen Rondo begeisterte noch einmal das Fagott &hellip; <\/p>\n<p class=\"link-more\"><a href=\"https:\/\/heidrunwirthmetzler.com\/en\/presse\/\" class=\"more-link\">Continue reading<span class=\"screen-reader-text\"> &#8220;Presse&#8221;<\/span><\/a><\/p>\n","protected":false},"author":223269183,"featured_media":0,"parent":0,"menu_order":0,"comment_status":"closed","ping_status":"closed","template":"","meta":{"advanced_seo_description":"","jetpack_seo_html_title":"","jetpack_seo_noindex":false,"jetpack_post_was_ever_published":false,"footnotes":""},"class_list":["post-154","page","type-page","status-publish","hentry"],"translation":{"provider":"WPGlobus","version":"3.0.2","language":"en","enabled_languages":["de","en"],"languages":{"de":{"title":true,"content":true,"excerpt":false},"en":{"title":false,"content":false,"excerpt":false}}},"jetpack_likes_enabled":false,"jetpack_sharing_enabled":true,"jetpack_shortlink":"https:\/\/wp.me\/Pe5V0T-2u","jetpack-related-posts":[{"id":571,"url":"https:\/\/heidrunwirthmetzler.com\/en\/meisterkurse\/","url_meta":{"origin":154,"position":0},"title":"Master classes","author":"wirthmetzler","date":"16. August 2022","format":false,"excerpt":"{:de} Ich freue mich, wenn wir uns bei einem Meisterkurs pers\u00f6nlich kennenlernen, ihr meine Unterrichstsstil kennenlernt und wir zusammen an deinen n\u00e4chsten Zielen arbeiten. Schwerpunkte sind neben dem Erarbeiten der Literatur vom Barock bis zur Gegenwart, Vorbereitung auf Probespiele und Wettbewerbe, Rohrbau, Ensemblespiel, kennenlernen oder intensivieren der historischen Fagotte, oder\u2026","rel":"","context":"Similar post","block_context":{"text":"Similar post","link":""},"img":{"alt_text":"","src":"https:\/\/i0.wp.com\/heidrunwirthmetzler.com\/wp-content\/uploads\/2022\/07\/28605-224.jpg?resize=350%2C200&ssl=1","width":350,"height":200,"srcset":"https:\/\/i0.wp.com\/heidrunwirthmetzler.com\/wp-content\/uploads\/2022\/07\/28605-224.jpg?resize=350%2C200&ssl=1 1x, https:\/\/i0.wp.com\/heidrunwirthmetzler.com\/wp-content\/uploads\/2022\/07\/28605-224.jpg?resize=525%2C300&ssl=1 1.5x, https:\/\/i0.wp.com\/heidrunwirthmetzler.com\/wp-content\/uploads\/2022\/07\/28605-224.jpg?resize=700%2C400&ssl=1 2x, https:\/\/i0.wp.com\/heidrunwirthmetzler.com\/wp-content\/uploads\/2022\/07\/28605-224.jpg?resize=1050%2C600&ssl=1 3x, https:\/\/i0.wp.com\/heidrunwirthmetzler.com\/wp-content\/uploads\/2022\/07\/28605-224.jpg?resize=1400%2C800&ssl=1 4x"},"classes":[]},{"id":143,"url":"https:\/\/heidrunwirthmetzler.com\/en\/ueber-mich\/","url_meta":{"origin":154,"position":1},"title":"About me","author":"wirthmetzler","date":"26. July 2022","format":false,"excerpt":"{:de} Ich kann mich noch genau an den Tag erinnern, als ich mit 11 Jahren mit der Klarinette bei einer Instrumentenvorstellung der Musikschule mitgespielt habe. Ich war aus Spa\u00df in die Klassen gegangen und hatte die verschiedenen Instrumente ausprobiert, bis ich auf einmal dieses lange \"Ding da\" sah - ein\u2026","rel":"","context":"Similar post","block_context":{"text":"Similar post","link":""},"img":{"alt_text":"","src":"https:\/\/i0.wp.com\/heidrunwirthmetzler.com\/wp-content\/uploads\/2022\/08\/RB8_0449-1.jpg?resize=350%2C200&ssl=1","width":350,"height":200,"srcset":"https:\/\/i0.wp.com\/heidrunwirthmetzler.com\/wp-content\/uploads\/2022\/08\/RB8_0449-1.jpg?resize=350%2C200&ssl=1 1x, https:\/\/i0.wp.com\/heidrunwirthmetzler.com\/wp-content\/uploads\/2022\/08\/RB8_0449-1.jpg?resize=525%2C300&ssl=1 1.5x, https:\/\/i0.wp.com\/heidrunwirthmetzler.com\/wp-content\/uploads\/2022\/08\/RB8_0449-1.jpg?resize=700%2C400&ssl=1 2x, https:\/\/i0.wp.com\/heidrunwirthmetzler.com\/wp-content\/uploads\/2022\/08\/RB8_0449-1.jpg?resize=1050%2C600&ssl=1 3x, https:\/\/i0.wp.com\/heidrunwirthmetzler.com\/wp-content\/uploads\/2022\/08\/RB8_0449-1.jpg?resize=1400%2C800&ssl=1 4x"},"classes":[]},{"id":35,"url":"https:\/\/heidrunwirthmetzler.com\/en\/biografie\/","url_meta":{"origin":154,"position":2},"title":"Biography","author":"wirthmetzler","date":"26. July 2022","format":false,"excerpt":"{:de} Heidrun Wirth-Metzler ist sowohl als moderne als auch historische Fagottistin, als\u00a0Solistin,\u00a0im Ensemble\u00a0und\u00a0im\u00a0Orchester\u00a0international t\u00e4tig. Seit 2021 leitet sie die Fagottklasse an der\u00a0Stella Vorarlberg Privathochschule f\u00fcr Musik\u00a0in Vorarlberg und ist Mitinitiatorin der 2021 gegr\u00fcndeten Reihe\u00a0Klang & Raum. Nach ihrer Zeit als\u00a0Akademistin bei den M\u00fcnchner Philharmoniker\u00a0(2008-2010) folgte ein festes Engagement als Solofagottistin\u2026","rel":"","context":"Similar post","block_context":{"text":"Similar post","link":""},"img":{"alt_text":"","src":"https:\/\/i0.wp.com\/heidrunwirthmetzler.com\/wp-content\/uploads\/2022\/08\/RB8_0459.jpg?resize=350%2C200&ssl=1","width":350,"height":200,"srcset":"https:\/\/i0.wp.com\/heidrunwirthmetzler.com\/wp-content\/uploads\/2022\/08\/RB8_0459.jpg?resize=350%2C200&ssl=1 1x, https:\/\/i0.wp.com\/heidrunwirthmetzler.com\/wp-content\/uploads\/2022\/08\/RB8_0459.jpg?resize=525%2C300&ssl=1 1.5x, https:\/\/i0.wp.com\/heidrunwirthmetzler.com\/wp-content\/uploads\/2022\/08\/RB8_0459.jpg?resize=700%2C400&ssl=1 2x, https:\/\/i0.wp.com\/heidrunwirthmetzler.com\/wp-content\/uploads\/2022\/08\/RB8_0459.jpg?resize=1050%2C600&ssl=1 3x, https:\/\/i0.wp.com\/heidrunwirthmetzler.com\/wp-content\/uploads\/2022\/08\/RB8_0459.jpg?resize=1400%2C800&ssl=1 4x"},"classes":[]},{"id":165,"url":"https:\/\/heidrunwirthmetzler.com\/en\/audios-videos\/","url_meta":{"origin":154,"position":3},"title":"Mediathek","author":"wirthmetzler","date":"26. July 2022","format":false,"excerpt":"W. Marsalis: Meeelaan, Klassik Krumbach, 2018 https:\/\/youtu.be\/c3JDVttHj6Y https:\/\/youtu.be\/qDrQ0pBs2No https:\/\/youtu.be\/I-LE1RwSMyg R. Strauss: Duett-Concertino, 2013 https:\/\/open.spotify.com\/track\/0k7TkICxbQQ5p3fGTVDrNy?si=3e65b1eeaf9c476d A. Dvorak: Polka aus der b\u00f6hmischen Suite, Klassik Krumbach, 2017 https:\/\/youtu.be\/Yl39K0ljQBw I. Stravinsky: Sacre du printemps, 2013 https:\/\/youtu.be\/S-VNuPVTswM P. Engel: Faces of the megacity, Fagotttrio TriOmph 2004 https:\/\/youtu.be\/WTx04Hng_hY Klingendes Museum Bern: Vergleich Original Savary und Nachbau\u2026","rel":"","context":"Similar post","block_context":{"text":"Similar post","link":""},"img":{"alt_text":"","src":"https:\/\/i0.wp.com\/heidrunwirthmetzler.com\/wp-content\/uploads\/2022\/08\/RB8_0413.jpg?resize=350%2C200&ssl=1","width":350,"height":200,"srcset":"https:\/\/i0.wp.com\/heidrunwirthmetzler.com\/wp-content\/uploads\/2022\/08\/RB8_0413.jpg?resize=350%2C200&ssl=1 1x, https:\/\/i0.wp.com\/heidrunwirthmetzler.com\/wp-content\/uploads\/2022\/08\/RB8_0413.jpg?resize=525%2C300&ssl=1 1.5x, https:\/\/i0.wp.com\/heidrunwirthmetzler.com\/wp-content\/uploads\/2022\/08\/RB8_0413.jpg?resize=700%2C400&ssl=1 2x, https:\/\/i0.wp.com\/heidrunwirthmetzler.com\/wp-content\/uploads\/2022\/08\/RB8_0413.jpg?resize=1050%2C600&ssl=1 3x, https:\/\/i0.wp.com\/heidrunwirthmetzler.com\/wp-content\/uploads\/2022\/08\/RB8_0413.jpg?resize=1400%2C800&ssl=1 4x"},"classes":[]}],"_links":{"self":[{"href":"https:\/\/heidrunwirthmetzler.com\/en\/wp-json\/wp\/v2\/pages\/154","targetHints":{"allow":["GET"]}}],"collection":[{"href":"https:\/\/heidrunwirthmetzler.com\/en\/wp-json\/wp\/v2\/pages"}],"about":[{"href":"https:\/\/heidrunwirthmetzler.com\/en\/wp-json\/wp\/v2\/types\/page"}],"author":[{"embeddable":true,"href":"https:\/\/heidrunwirthmetzler.com\/en\/wp-json\/wp\/v2\/users\/223269183"}],"replies":[{"embeddable":true,"href":"https:\/\/heidrunwirthmetzler.com\/en\/wp-json\/wp\/v2\/comments?post=154"}],"version-history":[{"count":15,"href":"https:\/\/heidrunwirthmetzler.com\/en\/wp-json\/wp\/v2\/pages\/154\/revisions"}],"predecessor-version":[{"id":600,"href":"https:\/\/heidrunwirthmetzler.com\/en\/wp-json\/wp\/v2\/pages\/154\/revisions\/600"}],"wp:attachment":[{"href":"https:\/\/heidrunwirthmetzler.com\/en\/wp-json\/wp\/v2\/media?parent=154"}],"curies":[{"name":"wp","href":"https:\/\/api.w.org\/{rel}","templated":true}]}}